{"id":1126,"date":"2015-02-01T14:48:52","date_gmt":"2015-02-01T12:48:52","guid":{"rendered":"http:\/\/pubagai.de\/tool\/?page_id=1126"},"modified":"2026-03-10T20:50:46","modified_gmt":"2026-03-10T18:50:46","slug":"news","status":"publish","type":"page","link":"https:\/\/pubagai.de\/tool\/","title":{"rendered":"Willkommen im Pubagai"},"content":{"rendered":"\n<h2 class=\"wp-block-heading\"><\/h2>\n\n\n\n<p class=\"has-text-align-left\"><\/p>\n\n\n\n<p class=\"has-text-align-left\">**************************************************************************************************<\/p>\n\n\n<h1 align=\"center\"><span style=\"color: #008000;\"><strong>PUBagai<\/strong> \u2013 die irische Adresse am Puls der Stadt!<\/span><\/h1>\n<h4 style=\"text-align: center;\"><span style=\"color: #008000;\">Direkt am Freiberger Schlossplatz schlagen unsere Herzen f\u00fcr\u00a0Eure Zufriedenheit!<\/span><\/h4>\n<p style=\"text-align: center;\"><span style=\"color: #333333;\">Gern begr\u00fc\u00dfen wir Euch Mittwoch bis Sonnabend ab 11.00 Uhr,<\/span><\/p>\n<p style=\"text-align: center;\"><span style=\"color: #333333;\">um Euch mit Speis&#8216; &amp; Trank zu verw\u00f6hnen.<\/span><\/p>\n<p style=\"text-align: center;\"><span style=\"color: #333333;\">In gem\u00fctlich-entspannter PUB-Atmosp\u00e4re bem\u00fchen wir uns um Euer Wohl.<\/span><\/p>\n<p style=\"text-align: center;\"><span style=\"color: #333333;\">F\u00fcr Bestellungen &amp; Anfragen stehen wir nat\u00fcrlich zur Verf\u00fcgung:<\/span><\/p>\n<p style=\"text-align: center;\"><span style=\"color: #333333;\">Tel.: 03731 \/ 21 28 75 oder \u00fcber: <a href=\"mailto:info@pubagai.de\">lutz@pubagai.de<\/a><\/span><\/p>\n<p style=\"text-align: center;\"><span style=\"color: #333333;\">Burgstra\u00dfe 25; 09599 Freiberg \/ Sachsen<\/span><\/p>\n<h3 style=\"text-align: center;\"><a href=\"https:\/\/pubagai.de\/tool\/wp-content\/uploads\/2026\/03\/20260311.xxxx_.3-Cheeseburger-zurueck1.jpg\"><img loading=\"lazy\" decoding=\"async\" class=\"alignnone size-full wp-image-2444\" src=\"https:\/\/pubagai.de\/tool\/wp-content\/uploads\/2026\/03\/20260311.xxxx_.3-Cheeseburger-zurueck1.jpg\" alt=\"\" width=\"1754\" height=\"1242\" srcset=\"https:\/\/pubagai.de\/tool\/wp-content\/uploads\/2026\/03\/20260311.xxxx_.3-Cheeseburger-zurueck1.jpg 1754w, https:\/\/pubagai.de\/tool\/wp-content\/uploads\/2026\/03\/20260311.xxxx_.3-Cheeseburger-zurueck1-300x212.jpg 300w, https:\/\/pubagai.de\/tool\/wp-content\/uploads\/2026\/03\/20260311.xxxx_.3-Cheeseburger-zurueck1-1024x725.jpg 1024w, https:\/\/pubagai.de\/tool\/wp-content\/uploads\/2026\/03\/20260311.xxxx_.3-Cheeseburger-zurueck1-768x544.jpg 768w, https:\/\/pubagai.de\/tool\/wp-content\/uploads\/2026\/03\/20260311.xxxx_.3-Cheeseburger-zurueck1-1536x1088.jpg 1536w\" sizes=\"auto, (max-width: 1754px) 100vw, 1754px\" \/><\/a><\/h3>\n<p><span style=\"color: #008080;\">********************************************************************************************************<\/span><\/p>\n<h1 style=\"text-align: center;\"><span style=\"color: #008080;\"><a style=\"color: #008080;\" href=\"https:\/\/pubagai.de\/tool\/wp-content\/uploads\/2026\/02\/Schwerter-Rubin-Lager.jpg\">Unsere neue &#8222;Leitung5&#8220;<\/a><\/span><\/h1>\n<h1 style=\"text-align: center;\"><span style=\"color: #008080;\"><a style=\"color: #008080;\" href=\"https:\/\/pubagai.de\/tool\/wp-content\/uploads\/2026\/02\/Schwerter-Rubin-Lager.jpg\">frisch gezapft und lecker!<img loading=\"lazy\" decoding=\"async\" class=\"alignnone size-full wp-image-2439 aligncenter\" src=\"https:\/\/pubagai.de\/tool\/wp-content\/uploads\/2026\/02\/Schwerter-Rubin-Lager.jpg\" alt=\"\" width=\"279\" height=\"300\" \/><\/a><\/span><\/h1>\n<h3 style=\"text-align: center;\"><span style=\"color: #008000;\">Aus der \u00e4ltesten Privatbrauerei Sachsens &#8211; &#8222;Meissner Schwerter Privatbr\u00e4u&#8220;<\/span><\/h3>\n<h3 style=\"text-align: center;\"><span style=\"color: #008000;\">*********************************************<\/span><\/h3>\n<p><span style=\"color: #008080;\">Ein Freiberger auf gro\u00dfer Fahrt!<\/span><\/p>\n<p><span style=\"color: #333333;\"> <a href=\"https:\/\/pubagai.de\/tool\/wp-content\/uploads\/2026\/02\/Plakat-PUBagai2-Maedler-page-001-1-scaled.jpg\"><img loading=\"lazy\" decoding=\"async\" class=\"alignnone size-full wp-image-2436\" src=\"https:\/\/pubagai.de\/tool\/wp-content\/uploads\/2026\/02\/Plakat-PUBagai2-Maedler-page-001-1-scaled.jpg\" alt=\"\" width=\"1810\" height=\"2560\" srcset=\"https:\/\/pubagai.de\/tool\/wp-content\/uploads\/2026\/02\/Plakat-PUBagai2-Maedler-page-001-1-scaled.jpg 1810w, https:\/\/pubagai.de\/tool\/wp-content\/uploads\/2026\/02\/Plakat-PUBagai2-Maedler-page-001-1-212x300.jpg 212w, https:\/\/pubagai.de\/tool\/wp-content\/uploads\/2026\/02\/Plakat-PUBagai2-Maedler-page-001-1-724x1024.jpg 724w, https:\/\/pubagai.de\/tool\/wp-content\/uploads\/2026\/02\/Plakat-PUBagai2-Maedler-page-001-1-768x1086.jpg 768w, https:\/\/pubagai.de\/tool\/wp-content\/uploads\/2026\/02\/Plakat-PUBagai2-Maedler-page-001-1-1086x1536.jpg 1086w, https:\/\/pubagai.de\/tool\/wp-content\/uploads\/2026\/02\/Plakat-PUBagai2-Maedler-page-001-1-1448x2048.jpg 1448w\" sizes=\"auto, (max-width: 1810px) 100vw, 1810px\" \/><\/a><\/span><\/p>\n<p style=\"text-align: center;\"><span style=\"color: #008080;\">**************************************************************<\/span><\/p>\n<h4 style=\"text-align: center;\"><a href=\"https:\/\/pubagai.de\/tool\/wp-content\/uploads\/2025\/11\/2025-2026Jahreswechsel-page-001.jpg\"><img loading=\"lazy\" decoding=\"async\" class=\"alignnone size-full wp-image-2431\" src=\"https:\/\/pubagai.de\/tool\/wp-content\/uploads\/2025\/11\/2025-2026Jahreswechsel-page-001.jpg\" alt=\"\" width=\"1754\" height=\"1242\" srcset=\"https:\/\/pubagai.de\/tool\/wp-content\/uploads\/2025\/11\/2025-2026Jahreswechsel-page-001.jpg 1754w, https:\/\/pubagai.de\/tool\/wp-content\/uploads\/2025\/11\/2025-2026Jahreswechsel-page-001-300x212.jpg 300w, https:\/\/pubagai.de\/tool\/wp-content\/uploads\/2025\/11\/2025-2026Jahreswechsel-page-001-1024x725.jpg 1024w, https:\/\/pubagai.de\/tool\/wp-content\/uploads\/2025\/11\/2025-2026Jahreswechsel-page-001-768x544.jpg 768w, https:\/\/pubagai.de\/tool\/wp-content\/uploads\/2025\/11\/2025-2026Jahreswechsel-page-001-1536x1088.jpg 1536w\" sizes=\"auto, (max-width: 1754px) 100vw, 1754px\" \/><\/a><\/h4>\n\n\n<p><\/p>\n\n\n\n<p><\/p>\n","protected":false},"excerpt":{"rendered":"<p>************************************************************************************************** PUBagai \u2013 die irische Adresse am Puls der Stadt! Direkt am Freiberger Schlossplatz schlagen unsere Herzen f\u00fcr\u00a0Eure Zufriedenheit! Gern begr\u00fc\u00dfen wir Euch Mittwoch bis Sonnabend ab 11.00 Uhr, um Euch mit Speis&#8216; &amp; Trank zu verw\u00f6hnen. In gem\u00fctlich-entspannter PUB-Atmosp\u00e4re bem\u00fchen wir uns um Euer Wohl. F\u00fcr Bestellungen &amp; Anfragen stehen wir nat\u00fcrlich zur Verf\u00fcgung: [&hellip;]<\/p>\n","protected":false},"author":1,"featured_media":0,"parent":0,"menu_order":0,"comment_status":"open","ping_status":"open","template":"","meta":{"footnotes":""},"class_list":["post-1126","page","type-page","status-publish","hentry"],"_links":{"self":[{"href":"https:\/\/pubagai.de\/tool\/wp-json\/wp\/v2\/pages\/1126","targetHints":{"allow":["GET"]}}],"collection":[{"href":"https:\/\/pubagai.de\/tool\/wp-json\/wp\/v2\/pages"}],"about":[{"href":"https:\/\/pubagai.de\/tool\/wp-json\/wp\/v2\/types\/page"}],"author":[{"embeddable":true,"href":"https:\/\/pubagai.de\/tool\/wp-json\/wp\/v2\/users\/1"}],"replies":[{"embeddable":true,"href":"https:\/\/pubagai.de\/tool\/wp-json\/wp\/v2\/comments?post=1126"}],"version-history":[{"count":205,"href":"https:\/\/pubagai.de\/tool\/wp-json\/wp\/v2\/pages\/1126\/revisions"}],"predecessor-version":[{"id":2445,"href":"https:\/\/pubagai.de\/tool\/wp-json\/wp\/v2\/pages\/1126\/revisions\/2445"}],"wp:attachment":[{"href":"https:\/\/pubagai.de\/tool\/wp-json\/wp\/v2\/media?parent=1126"}],"curies":[{"name":"wp","href":"https:\/\/api.w.org\/{rel}","templated":true}]}}