{"id":2,"date":"2012-10-09T16:30:44","date_gmt":"2012-10-09T14:30:44","guid":{"rendered":"http:\/\/pubagai.de\/tool\/?page_id=2"},"modified":"2025-05-26T13:41:07","modified_gmt":"2025-05-26T11:41:07","slug":"speisen-getraenke","status":"publish","type":"page","link":"https:\/\/pubagai.de\/tool\/speisen-getraenke\/","title":{"rendered":"Speisen \/ Getr\u00e4nke"},"content":{"rendered":"<h4><strong><span style=\"color: #008000;\">K\u00fcche<\/span><\/strong><\/h4>\n<p>Unsere K\u00fcche steht immer von 11.30-14.00 und 17.00 -21.30 Uhr bereit, Eure W\u00fcnsche zu erf\u00fcllen.<\/p>\n<p>Das Repertoire reicht von\u00a0 irischen Speisen, Home made Burger bis zu gutb\u00fcrgerlichen deutschen Gerichten.<\/p>\n<h4><strong><span style=\"color: #008000;\">Getr\u00e4nke<\/span><\/strong><\/h4>\n<p>Sechs Fassbiere (Freiberger Pils, Freiberger Keller, und die irischen Sorten Guinness sowie Murphy&#8217;s Irish Red und Hop house Lager 13) und Flaschenbiere aus aller Welt warten auf Euren Durst.<\/p>\n<p>Als Besonderheit haben wir die <span style=\"color: #ff0000;\">&#8222;Leitung 5&#8220;<\/span>: Hier l\u00e4uft ein jeweils wechselnder Fassbierleckerbissen, der zum Probieren einl\u00e4dt.<\/p>\n<p>Nat\u00fcrlich auch zahlreiche alkoholfreie Getr\u00e4nke,\u00a0S\u00e4fte, Kaffee, Wein und Spirituosen z\u00e4hlen zum Sortiment.<\/p>\n<p>Wir freuen uns darauf, Euch bewirten zu k\u00f6nnen.<\/p>\n","protected":false},"excerpt":{"rendered":"<p>K\u00fcche Unsere K\u00fcche steht immer von 11.30-14.00 und 17.00 -21.30 Uhr bereit, Eure W\u00fcnsche zu erf\u00fcllen. Das Repertoire reicht von\u00a0 irischen Speisen, Home made Burger bis zu gutb\u00fcrgerlichen deutschen Gerichten. Getr\u00e4nke Sechs Fassbiere (Freiberger Pils, Freiberger Keller, und die irischen Sorten Guinness sowie Murphy&#8217;s Irish Red und Hop house Lager 13) und Flaschenbiere aus aller [&hellip;]<\/p>\n","protected":false},"author":1,"featured_media":0,"parent":0,"menu_order":3,"comment_status":"open","ping_status":"closed","template":"","meta":{"footnotes":""},"class_list":["post-2","page","type-page","status-publish","hentry"],"_links":{"self":[{"href":"https:\/\/pubagai.de\/tool\/wp-json\/wp\/v2\/pages\/2","targetHints":{"allow":["GET"]}}],"collection":[{"href":"https:\/\/pubagai.de\/tool\/wp-json\/wp\/v2\/pages"}],"about":[{"href":"https:\/\/pubagai.de\/tool\/wp-json\/wp\/v2\/types\/page"}],"author":[{"embeddable":true,"href":"https:\/\/pubagai.de\/tool\/wp-json\/wp\/v2\/users\/1"}],"replies":[{"embeddable":true,"href":"https:\/\/pubagai.de\/tool\/wp-json\/wp\/v2\/comments?post=2"}],"version-history":[{"count":14,"href":"https:\/\/pubagai.de\/tool\/wp-json\/wp\/v2\/pages\/2\/revisions"}],"predecessor-version":[{"id":2407,"href":"https:\/\/pubagai.de\/tool\/wp-json\/wp\/v2\/pages\/2\/revisions\/2407"}],"wp:attachment":[{"href":"https:\/\/pubagai.de\/tool\/wp-json\/wp\/v2\/media?parent=2"}],"curies":[{"name":"wp","href":"https:\/\/api.w.org\/{rel}","templated":true}]}}