{"id":37,"date":"2012-10-11T13:42:27","date_gmt":"2012-10-11T11:42:27","guid":{"rendered":"http:\/\/pubagai.de\/tool\/?page_id=37"},"modified":"2021-06-17T15:57:13","modified_gmt":"2021-06-17T13:57:13","slug":"bierstudium","status":"publish","type":"page","link":"https:\/\/pubagai.de\/tool\/pub-specials\/bierstudium\/","title":{"rendered":"Bierstudium"},"content":{"rendered":"<h1 style=\"text-align: center;\"><span style=\"color: #008000;\"><em><strong><a href=\"https:\/\/pubagai.de\/tool\/wp-content\/uploads\/2012\/10\/Bierdiplom-als-Bild1.jpg\"><img loading=\"lazy\" decoding=\"async\" class=\"aligncenter size-full wp-image-320\" title=\"Bierdiplom als Bild\" src=\"https:\/\/pubagai.de\/tool\/wp-content\/uploads\/2012\/10\/Bierdiplom-als-Bild1.jpg\" alt=\"\" width=\"155\" height=\"210\" \/><\/a><\/strong><\/em><\/span><\/h1>\n<h1 style=\"text-align: center;\"><\/h1>\n<h1 style=\"text-align: center;\"><span style=\"color: #008000;\"><em><strong>Ein Diplom sollte man haben!<\/strong><\/em><\/span><\/h1>\n<h2 style=\"text-align: center;\"><\/h2>\n<h2 style=\"text-align: center;\"><span style=\"color: #ff6600;\">Freibergs Traditionen sind vielf\u00e4ltig, interessant, historisch oder:<\/span><\/h2>\n<h2 style=\"text-align: center;\"><span style=\"color: #ff6600;\">Es gibt sie seit dem 01. Februar 1995.<\/span><\/h2>\n<h4 style=\"text-align: center;\"><span style=\"color: #ff6600;\">PUBagai ist u.a. auch DIE Bieradresse in Freiberg. Das umfangreiche internationale Bierangebot l\u00e4dt ein, einen gepflegten Bierstreifzug durch die Welt zu unternehmen. Diesen vers\u00fc\u00dfen wir am Ende mit einem<\/span><\/h4>\n<h2 style=\"text-align: center;\"><span style=\"color: #008000;\">Diplom als &#8222;Anerkannter Bierkenner&#8220; des PUBagai<\/span><\/h2>\n<h3 style=\"text-align: center;\"><span style=\"color: #ff6600;\">Nach nur 33 verschiedenen Sorten, die in frei gew\u00e4hlter Zeit\u00a0(nicht am St\u00fcck)\u00a0zu trinken sind, hat\u00a0man Anspruch auf das oben gezeigte, weltweit anerkannte und hei\u00df begehrte Diplom.<\/span><\/h3>\n<p style=\"text-align: center;\"><span style=\"color: #ff6600;\">\u00a0Das Immatrikulationsb\u00fcro ist Dienstag &#8211; Sonnabend ab 11.00 Uhr\u00a0 in der Burgstra\u00dfe 25, PUBagai ge\u00f6ffnet.<\/span><\/p>\n<p style=\"text-align: center;\"><span style=\"color: #ff6600;\">Die Studienberater sind gern f\u00fcr Euch da.<\/span><\/p>\n<p><span style=\"color: #ff6600;\">\u00a0<\/span><\/p>\n","protected":false},"excerpt":{"rendered":"<p>Ein Diplom sollte man haben! Freibergs Traditionen sind vielf\u00e4ltig, interessant, historisch oder: Es gibt sie seit dem 01. Februar 1995. PUBagai ist u.a. auch DIE Bieradresse in Freiberg. Das umfangreiche internationale Bierangebot l\u00e4dt ein, einen gepflegten Bierstreifzug durch die Welt zu unternehmen. Diesen vers\u00fc\u00dfen wir am Ende mit einem Diplom als &#8222;Anerkannter Bierkenner&#8220; des PUBagai [&hellip;]<\/p>\n","protected":false},"author":1,"featured_media":0,"parent":25,"menu_order":0,"comment_status":"open","ping_status":"open","template":"","meta":{"footnotes":""},"class_list":["post-37","page","type-page","status-publish","hentry"],"_links":{"self":[{"href":"https:\/\/pubagai.de\/tool\/wp-json\/wp\/v2\/pages\/37","targetHints":{"allow":["GET"]}}],"collection":[{"href":"https:\/\/pubagai.de\/tool\/wp-json\/wp\/v2\/pages"}],"about":[{"href":"https:\/\/pubagai.de\/tool\/wp-json\/wp\/v2\/types\/page"}],"author":[{"embeddable":true,"href":"https:\/\/pubagai.de\/tool\/wp-json\/wp\/v2\/users\/1"}],"replies":[{"embeddable":true,"href":"https:\/\/pubagai.de\/tool\/wp-json\/wp\/v2\/comments?post=37"}],"version-history":[{"count":2,"href":"https:\/\/pubagai.de\/tool\/wp-json\/wp\/v2\/pages\/37\/revisions"}],"predecessor-version":[{"id":2150,"href":"https:\/\/pubagai.de\/tool\/wp-json\/wp\/v2\/pages\/37\/revisions\/2150"}],"up":[{"embeddable":true,"href":"https:\/\/pubagai.de\/tool\/wp-json\/wp\/v2\/pages\/25"}],"wp:attachment":[{"href":"https:\/\/pubagai.de\/tool\/wp-json\/wp\/v2\/media?parent=37"}],"curies":[{"name":"wp","href":"https:\/\/api.w.org\/{rel}","templated":true}]}}