{"id":39,"date":"2012-10-11T13:42:43","date_gmt":"2012-10-11T11:42:43","guid":{"rendered":"http:\/\/pubagai.de\/tool\/?page_id=39"},"modified":"2021-06-17T14:34:27","modified_gmt":"2021-06-17T12:34:27","slug":"bierprasente","status":"publish","type":"page","link":"https:\/\/pubagai.de\/tool\/pub-specials\/bierprasente\/","title":{"rendered":"Bierpr\u00e4sente"},"content":{"rendered":"<h1 style=\"text-align: center;\"><em><strong><span style=\"color: #008000;\">F\u00fcr den Liebhaber, Ehemann, Freund, Nachbar oder Schwiegervater oder oder oder &#8230;&#8230;&#8230;..<\/span><\/strong><\/em><\/h1>\n<h2 style=\"text-align: center;\"><span style=\"color: #000000;\">Mit einem Bierpr\u00e4sent kommt man an!<\/span><\/h2>\n<h3 style=\"text-align: center;\"><span style=\"color: #333333;\">Aus der Vielzahl der Flaschenbiere stellen wir Euch gern verschiedene Pr\u00e4sente mit internationalen Bieren zusammen.<\/span><\/h3>\n<h3 style=\"text-align: center;\"><span style=\"color: #333333;\">Unseren &#8222;Klassiker&#8220; stellen wir Euch hier vor.<\/span><\/h3>\n<h3><\/h3>\n<h1><span style=\"color: #000000;\"><a href=\"https:\/\/pubagai.de\/tool\/wp-content\/uploads\/2012\/10\/5er-Packung.gif\"><img loading=\"lazy\" decoding=\"async\" class=\"aligncenter size-full wp-image-281\" title=\"5er-Packung\" src=\"https:\/\/pubagai.de\/tool\/wp-content\/uploads\/2012\/10\/5er-Packung.gif\" alt=\"\" width=\"202\" height=\"150\" srcset=\"https:\/\/pubagai.de\/tool\/wp-content\/uploads\/2012\/10\/5er-Packung.gif 202w, https:\/\/pubagai.de\/tool\/wp-content\/uploads\/2012\/10\/5er-Packung-160x120.gif 160w\" sizes=\"auto, (max-width: 202px) 100vw, 202px\" \/><\/a><\/span><\/h1>\n<h3 style=\"text-align: center;\"><\/h3>\n<h3 style=\"text-align: center;\"><span style=\"color: #333333;\">5 Biere aus aller Welt &#8211; frei zusammenstellbar aus dem jeweiligen Angebot.<\/span><\/h3>\n<h1><\/h1>\n<h1><\/h1>\n","protected":false},"excerpt":{"rendered":"<p>F\u00fcr den Liebhaber, Ehemann, Freund, Nachbar oder Schwiegervater oder oder oder &#8230;&#8230;&#8230;.. Mit einem Bierpr\u00e4sent kommt man an! Aus der Vielzahl der Flaschenbiere stellen wir Euch gern verschiedene Pr\u00e4sente mit internationalen Bieren zusammen. Unseren &#8222;Klassiker&#8220; stellen wir Euch hier vor. 5 Biere aus aller Welt &#8211; frei zusammenstellbar aus dem jeweiligen Angebot.<\/p>\n","protected":false},"author":1,"featured_media":0,"parent":25,"menu_order":0,"comment_status":"open","ping_status":"open","template":"","meta":{"footnotes":""},"class_list":["post-39","page","type-page","status-publish","hentry"],"_links":{"self":[{"href":"https:\/\/pubagai.de\/tool\/wp-json\/wp\/v2\/pages\/39","targetHints":{"allow":["GET"]}}],"collection":[{"href":"https:\/\/pubagai.de\/tool\/wp-json\/wp\/v2\/pages"}],"about":[{"href":"https:\/\/pubagai.de\/tool\/wp-json\/wp\/v2\/types\/page"}],"author":[{"embeddable":true,"href":"https:\/\/pubagai.de\/tool\/wp-json\/wp\/v2\/users\/1"}],"replies":[{"embeddable":true,"href":"https:\/\/pubagai.de\/tool\/wp-json\/wp\/v2\/comments?post=39"}],"version-history":[{"count":1,"href":"https:\/\/pubagai.de\/tool\/wp-json\/wp\/v2\/pages\/39\/revisions"}],"predecessor-version":[{"id":2114,"href":"https:\/\/pubagai.de\/tool\/wp-json\/wp\/v2\/pages\/39\/revisions\/2114"}],"up":[{"embeddable":true,"href":"https:\/\/pubagai.de\/tool\/wp-json\/wp\/v2\/pages\/25"}],"wp:attachment":[{"href":"https:\/\/pubagai.de\/tool\/wp-json\/wp\/v2\/media?parent=39"}],"curies":[{"name":"wp","href":"https:\/\/api.w.org\/{rel}","templated":true}]}}