{"id":49,"date":"2012-10-11T13:56:57","date_gmt":"2012-10-11T11:56:57","guid":{"rendered":"http:\/\/pubagai.de\/tool\/?page_id=49"},"modified":"2015-01-31T15:35:12","modified_gmt":"2015-01-31T13:35:12","slug":"das-land","status":"publish","type":"page","link":"https:\/\/pubagai.de\/tool\/irland\/das-land\/","title":{"rendered":"Das Land"},"content":{"rendered":"<h2><span style=\"color: #008000;\">Die Insel Irland<\/span><\/h2>\n<h4><span style=\"color: #008000;\">ist ca. 450 km lang sowie ca. 260 km breit und liegt im Atlantik. Mit einer Fl\u00e4che von etwa 84.421 qkm ist sie die drittgr\u00f6\u00dfte Insel Europas.<\/span><\/h4>\n<h4><span style=\"color: #008000;\">In der Republik Irland und im Nordosten der Insel gelegenen Nordirland (geh\u00f6rt zum Vereinigten K\u00f6nigreich) leben \u00fcber 6 Millionen Menschen.<\/span><\/h4>\n<h4><span style=\"color: #008000;\">Hauptort der Insel und zugleich Hauptstadt der Republik Irland ist Dublin.\u00a0<\/span><\/h4>\n<h4><span style=\"color: #008000;\">Irland wird durch unterschiedliche Regionen gepr\u00e4gt. Jede dieser Regionen hat ihre ganz typischen Besonderheiten.<\/span><\/h4>\n<h4><span style=\"text-decoration: underline; color: #008000;\">Die historische Ostk\u00fcste und Dublin:<\/span><\/h4>\n<h4><span style=\"color: #008000;\">Burgen und Ruinen, Schl\u00f6sser und Kirchen pr\u00e4gen den eher flachen Osten und S\u00fcdosten der Insel.<\/span><\/h4>\n<h4><span style=\"text-decoration: underline; color: #008000;\">Nordirland und Belfast:<\/span><\/h4>\n<h4><span style=\"color: #008000;\">Sechs Grafschaften im Nordosten Irlands geh\u00f6re zu Nordirland mit seiner spektakul\u00e4ren K\u00fcste.<\/span><\/h4>\n<h4><span style=\"text-decoration: underline; color: #008000;\">Die sanfte Mitte Irlands:<\/span><\/h4>\n<h4><span style=\"color: #008000;\">Mit 750 km befahrbaren Fl\u00fcssen und Seen geh\u00f6rt die Shannon \/ Erne-Wasserstra\u00dfe zu der gr\u00f6\u00dften in Europa.<\/span><\/h4>\n<h4><span style=\"text-decoration: underline; color: #008000;\">Die atemberaubende Westk\u00fcste:<\/span><\/h4>\n<h4><span style=\"color: #008000;\">Unz\u00e4hlige Steilklippen, Buchten und Inseln bestimmen die spektakul\u00e4re Landschaft des Westens.<\/span><\/h4>\n<h4><\/h4>\n","protected":false},"excerpt":{"rendered":"<p>Die Insel Irland ist ca. 450 km lang sowie ca. 260 km breit und liegt im Atlantik. Mit einer Fl\u00e4che von etwa 84.421 qkm ist sie die drittgr\u00f6\u00dfte Insel Europas. In der Republik Irland und im Nordosten der Insel gelegenen Nordirland (geh\u00f6rt zum Vereinigten K\u00f6nigreich) leben \u00fcber 6 Millionen Menschen. Hauptort der Insel und zugleich [&hellip;]<\/p>\n","protected":false},"author":1,"featured_media":0,"parent":13,"menu_order":0,"comment_status":"open","ping_status":"open","template":"","meta":{"footnotes":""},"class_list":["post-49","page","type-page","status-publish","hentry"],"_links":{"self":[{"href":"https:\/\/pubagai.de\/tool\/wp-json\/wp\/v2\/pages\/49","targetHints":{"allow":["GET"]}}],"collection":[{"href":"https:\/\/pubagai.de\/tool\/wp-json\/wp\/v2\/pages"}],"about":[{"href":"https:\/\/pubagai.de\/tool\/wp-json\/wp\/v2\/types\/page"}],"author":[{"embeddable":true,"href":"https:\/\/pubagai.de\/tool\/wp-json\/wp\/v2\/users\/1"}],"replies":[{"embeddable":true,"href":"https:\/\/pubagai.de\/tool\/wp-json\/wp\/v2\/comments?post=49"}],"version-history":[{"count":2,"href":"https:\/\/pubagai.de\/tool\/wp-json\/wp\/v2\/pages\/49\/revisions"}],"predecessor-version":[{"id":1087,"href":"https:\/\/pubagai.de\/tool\/wp-json\/wp\/v2\/pages\/49\/revisions\/1087"}],"up":[{"embeddable":true,"href":"https:\/\/pubagai.de\/tool\/wp-json\/wp\/v2\/pages\/13"}],"wp:attachment":[{"href":"https:\/\/pubagai.de\/tool\/wp-json\/wp\/v2\/media?parent=49"}],"curies":[{"name":"wp","href":"https:\/\/api.w.org\/{rel}","templated":true}]}}